{"id":8,"date":"2007-07-01T13:49:51","date_gmt":"2007-07-01T11:49:51","guid":{"rendered":"http:\/\/www.djk-pellingen.de\/?page_id=8"},"modified":"2009-03-24T14:17:46","modified_gmt":"2009-03-24T12:17:46","slug":"2-weg","status":"publish","type":"page","link":"https:\/\/www.sv-pellingen.de\/?page_id=8","title":{"rendered":"2. Weg"},"content":{"rendered":"<p>Die Abteilung 2. Weg betreibt Breitensport f\u00fcr Jedermann. Von Bewegungsspielen \u00fcber Gymnastik bis hin zum Fu\u00dfball wird hier f\u00fcr den Gelegenheitssportler alles geboten.<\/p>\n<p>Seit der Gr\u00fcndung im Jahr 2000 haben sich mittlerweile 30 Sportfreunde der Abteilung angeschlossen, bei der auch das gesellige Miteinander nach dem Sport gro\u00df geschrieben wird!<\/p>\n<p>Genauere Informationen sind auf der Webseite des 2. Wegs zu finden:<br \/>\n<a title=\"Webseite 2. Weg Pellingen\" href=\"http:\/\/www.2weg-pellingen.de\/\" target=\"_blank\">http:\/\/www.2weg-pellingen.de\/<\/a><\/p>\n<p><strong>Ansprechpartner:<\/strong><\/p>\n<p>Stefan Premm<br \/>\nTel.: 06588 \/ 988241<span><a href=\"mailto:stefan.premm@2weg-pellingen.de\"><span style=\"color: #024a92;\"><br \/>\nstefan.premm@2weg-pellingen.de<\/span><\/a><\/span><\/p>\n<p><strong>Trainingszeiten:<br \/>\n<\/strong>Montag :19.00 bis 20.30 Uhr<\/p>\n","protected":false},"excerpt":{"rendered":"<p>Die Abteilung 2. Weg betreibt Breitensport f\u00fcr Jedermann. Von Bewegungsspielen \u00fcber Gymnastik bis hin zum Fu\u00dfball wird hier f\u00fcr den Gelegenheitssportler alles geboten. Seit der Gr\u00fcndung im Jahr 2000 haben sich mittlerweile 30 Sportfreunde der Abteilung angeschlossen, bei der auch das gesellige Miteinander nach dem Sport gro\u00df geschrieben wird! Genauere Informationen sind auf der Webseite &hellip; <\/p>\n<p class=\"link-more\"><a href=\"https:\/\/www.sv-pellingen.de\/?page_id=8\" class=\"more-link\"><span class=\"screen-reader-text\">\u201e2. Weg\u201c <\/span>weiterlesen<\/a><\/p>\n","protected":false},"author":1,"featured_media":0,"parent":6,"menu_order":3,"comment_status":"open","ping_status":"open","template":"","meta":{"footnotes":""},"class_list":["post-8","page","type-page","status-publish","hentry","entry"],"_links":{"self":[{"href":"https:\/\/www.sv-pellingen.de\/index.php?rest_route=\/wp\/v2\/pages\/8","targetHints":{"allow":["GET"]}}],"collection":[{"href":"https:\/\/www.sv-pellingen.de\/index.php?rest_route=\/wp\/v2\/pages"}],"about":[{"href":"https:\/\/www.sv-pellingen.de\/index.php?rest_route=\/wp\/v2\/types\/page"}],"author":[{"embeddable":true,"href":"https:\/\/www.sv-pellingen.de\/index.php?rest_route=\/wp\/v2\/users\/1"}],"replies":[{"embeddable":true,"href":"https:\/\/www.sv-pellingen.de\/index.php?rest_route=%2Fwp%2Fv2%2Fcomments&post=8"}],"version-history":[{"count":8,"href":"https:\/\/www.sv-pellingen.de\/index.php?rest_route=\/wp\/v2\/pages\/8\/revisions"}],"predecessor-version":[{"id":89,"href":"https:\/\/www.sv-pellingen.de\/index.php?rest_route=\/wp\/v2\/pages\/8\/revisions\/89"}],"up":[{"embeddable":true,"href":"https:\/\/www.sv-pellingen.de\/index.php?rest_route=\/wp\/v2\/pages\/6"}],"wp:attachment":[{"href":"https:\/\/www.sv-pellingen.de\/index.php?rest_route=%2Fwp%2Fv2%2Fmedia&parent=8"}],"curies":[{"name":"wp","href":"https:\/\/api.w.org\/{rel}","templated":true}]}}