{"id":57,"date":"2009-02-27T17:36:20","date_gmt":"2009-02-27T15:36:20","guid":{"rendered":"http:\/\/www.djk-pellingen.de\/?page_id=57"},"modified":"2021-01-31T10:15:36","modified_gmt":"2021-01-31T09:15:36","slug":"anfahrt","status":"publish","type":"page","link":"https:\/\/www.sv-pellingen.de\/?page_id=57","title":{"rendered":"Anfahrt"},"content":{"rendered":"\n<p><strong>Anfahrt von Trier<\/strong><\/p>\n\n\n\n<p>&#8211; von Trier aus kommend, unmittelbar hinter der B\u00e4ckerei rechts abbiegen<br>&#8211; nach ca. 100m wiederum rechts bergauf abbiegen<br>&#8211; dieser Stra\u00dfe weiter aufw\u00e4rts folgen, bis sie sich nach ca. 250m gabelt, dort halb links<br>weiterfahren<br>&#8211; nach ca. 100m dem geteerten Weg in den Wald bis zum Sportplatz folgen<\/p>\n\n\n\n<p><strong>Anfahrt von Zerf<\/strong><\/p>\n\n\n\n<p>&#8211; von Zerf aus kommend, unmittelbar nach der zweiten Verkehrsinsel links abbiegen<br>&#8211; nach ca. 100m wiederum links bergauf abbiegen<br>&#8211; dieser Stra\u00dfe weiter aufw\u00e4rts folgen, bis sie sich nach ca. 250m gabelt, dort halb links<br>weiterfahren<br>&#8211; nach ca. 100m dem geteerten Weg in den Wald bis zum Sportplatz folgen<\/p>\n\n\n\n<iframe loading=\"lazy\" src=\"https:\/\/www.google.com\/maps\/embed?pb=!1m18!1m12!1m3!1d4822.894445429428!2d6.667859618573968!3d49.67459233911424!2m3!1f0!2f0!3f0!3m2!1i1024!2i768!4f13.1!3m3!1m2!1s0x0%3A0x6978f7ac19f00430!2sSportverein%20DJK%20Pellingen%20e.V.!5e1!3m2!1sde!2sde!4v1612084372426!5m2!1sde!2sde\" width=\"800\" height=\"600\" frameborder=\"0\" style=\"border:0;\" allowfullscreen=\"\" aria-hidden=\"false\" tabindex=\"0\"><\/iframe>\n","protected":false},"excerpt":{"rendered":"<p>Anfahrt von Trier &#8211; von Trier aus kommend, unmittelbar hinter der B\u00e4ckerei rechts abbiegen&#8211; nach ca. 100m wiederum rechts bergauf abbiegen&#8211; dieser Stra\u00dfe weiter aufw\u00e4rts folgen, bis sie sich nach ca. 250m gabelt, dort halb linksweiterfahren&#8211; nach ca. 100m dem geteerten Weg in den Wald bis zum Sportplatz folgen Anfahrt von Zerf &#8211; von Zerf &hellip; <\/p>\n<p class=\"link-more\"><a href=\"https:\/\/www.sv-pellingen.de\/?page_id=57\" class=\"more-link\"><span class=\"screen-reader-text\">\u201eAnfahrt\u201c <\/span>weiterlesen<\/a><\/p>\n","protected":false},"author":1,"featured_media":0,"parent":48,"menu_order":0,"comment_status":"open","ping_status":"open","template":"","meta":{"footnotes":""},"class_list":["post-57","page","type-page","status-publish","hentry","entry"],"_links":{"self":[{"href":"https:\/\/www.sv-pellingen.de\/index.php?rest_route=\/wp\/v2\/pages\/57","targetHints":{"allow":["GET"]}}],"collection":[{"href":"https:\/\/www.sv-pellingen.de\/index.php?rest_route=\/wp\/v2\/pages"}],"about":[{"href":"https:\/\/www.sv-pellingen.de\/index.php?rest_route=\/wp\/v2\/types\/page"}],"author":[{"embeddable":true,"href":"https:\/\/www.sv-pellingen.de\/index.php?rest_route=\/wp\/v2\/users\/1"}],"replies":[{"embeddable":true,"href":"https:\/\/www.sv-pellingen.de\/index.php?rest_route=%2Fwp%2Fv2%2Fcomments&post=57"}],"version-history":[{"count":17,"href":"https:\/\/www.sv-pellingen.de\/index.php?rest_route=\/wp\/v2\/pages\/57\/revisions"}],"predecessor-version":[{"id":1705,"href":"https:\/\/www.sv-pellingen.de\/index.php?rest_route=\/wp\/v2\/pages\/57\/revisions\/1705"}],"up":[{"embeddable":true,"href":"https:\/\/www.sv-pellingen.de\/index.php?rest_route=\/wp\/v2\/pages\/48"}],"wp:attachment":[{"href":"https:\/\/www.sv-pellingen.de\/index.php?rest_route=%2Fwp%2Fv2%2Fmedia&parent=57"}],"curies":[{"name":"wp","href":"https:\/\/api.w.org\/{rel}","templated":true}]}}