{"id":51,"date":"2009-02-27T17:34:27","date_gmt":"2009-02-27T15:34:27","guid":{"rendered":"http:\/\/www.djk-pellingen.de\/?page_id=51"},"modified":"2026-03-09T17:23:05","modified_gmt":"2026-03-09T16:23:05","slug":"vorstand","status":"publish","type":"page","link":"https:\/\/www.sv-pellingen.de\/?page_id=51","title":{"rendered":"Vorstand"},"content":{"rendered":"<p>Den Vorstand des Sportvereins bilden seit 06.03.2026 aktuell :<\/p>\n<p><strong>1. Vorsitzender<br \/><\/strong>Dominik Annen<br \/><a href=\"d.annen@sv-pellingen.de\">d.annen@sv-pellingen.de<\/a><\/p>\n<p><strong>2. Vorsitzender<br \/><\/strong>Patrick Hoffmann<br \/><a href=\"p.hoffmann@sv-pellingen.de\">p.hoffmann@sv-pellingen.de<\/a><\/p>\n<p><strong>Gesch\u00e4ftsf\u00fchrer<br \/><\/strong>Niklas Peters<br \/><a href=\"s.schettgen@sv-pellingen.de\">n.peters@sv-pellingen.de<\/a><\/p>\n<p><strong>Kassenwart<\/strong><br \/>Tim M\u00fcller<br \/><a href=\"mailto:t.mueller@sv-pellingen.de\">t.mueller@sv-pellingen.de<\/a><\/p>\n<p><strong>Beisitzer <\/strong><\/p>\n<p>Verena Sch\u00f6mann\u00a0<\/p>\n<p>Karina Jakobs<\/p>\n<p>Sabrina Jakobs<\/p>\n<p>Benedikt Schettgen<\/p>\n<p>Sven Schettgen<\/p>\n\n\n<p><\/p>\n","protected":false},"excerpt":{"rendered":"<p>Den Vorstand des Sportvereins bilden seit 06.03.2026 aktuell : 1. VorsitzenderDominik Annend.annen@sv-pellingen.de 2. VorsitzenderPatrick Hoffmannp.hoffmann@sv-pellingen.de Gesch\u00e4ftsf\u00fchrerNiklas Petersn.peters@sv-pellingen.de KassenwartTim M\u00fcllert.mueller@sv-pellingen.de Beisitzer Verena Sch\u00f6mann\u00a0 Karina Jakobs Sabrina Jakobs Benedikt Schettgen Sven Schettgen<\/p>\n","protected":false},"author":1,"featured_media":0,"parent":48,"menu_order":7,"comment_status":"open","ping_status":"open","template":"","meta":{"footnotes":""},"class_list":["post-51","page","type-page","status-publish","hentry","entry"],"_links":{"self":[{"href":"https:\/\/www.sv-pellingen.de\/index.php?rest_route=\/wp\/v2\/pages\/51","targetHints":{"allow":["GET"]}}],"collection":[{"href":"https:\/\/www.sv-pellingen.de\/index.php?rest_route=\/wp\/v2\/pages"}],"about":[{"href":"https:\/\/www.sv-pellingen.de\/index.php?rest_route=\/wp\/v2\/types\/page"}],"author":[{"embeddable":true,"href":"https:\/\/www.sv-pellingen.de\/index.php?rest_route=\/wp\/v2\/users\/1"}],"replies":[{"embeddable":true,"href":"https:\/\/www.sv-pellingen.de\/index.php?rest_route=%2Fwp%2Fv2%2Fcomments&post=51"}],"version-history":[{"count":22,"href":"https:\/\/www.sv-pellingen.de\/index.php?rest_route=\/wp\/v2\/pages\/51\/revisions"}],"predecessor-version":[{"id":2158,"href":"https:\/\/www.sv-pellingen.de\/index.php?rest_route=\/wp\/v2\/pages\/51\/revisions\/2158"}],"up":[{"embeddable":true,"href":"https:\/\/www.sv-pellingen.de\/index.php?rest_route=\/wp\/v2\/pages\/48"}],"wp:attachment":[{"href":"https:\/\/www.sv-pellingen.de\/index.php?rest_route=%2Fwp%2Fv2%2Fmedia&parent=51"}],"curies":[{"name":"wp","href":"https:\/\/api.w.org\/{rel}","templated":true}]}}