{"id":5,"date":"2007-07-01T13:38:54","date_gmt":"2007-07-01T11:38:54","guid":{"rendered":"http:\/\/www.djk-pellingen.de\/?page_id=5"},"modified":"2025-09-10T16:24:26","modified_gmt":"2025-09-10T14:24:26","slug":"impressum","status":"publish","type":"page","link":"https:\/\/www.sv-pellingen.de\/?page_id=5","title":{"rendered":"Impressum"},"content":{"rendered":"<p>verantwortlich f\u00fcr diese Seiten :<\/p>\n<p>Sportverein Pellingen 1953 e.V.<br \/>\nDominik Annen (1. Vorsitzender)<br \/>\nBr\u00fcckenstra\u00dfe 12<br \/>\n54331 Pellingen<\/p>\n<p>Haftungshinweis: Trotz sorgf\u00e4ltiger inhaltlicher Kontrolle \u00fcbernehmen wir keine Haftung f\u00fcr die Inhalte externer Links. F\u00fcr den Inhalt der verlinkten Seiten sind ausschlie\u00dflich deren Betreiber verantwortlich.<\/p>\n","protected":false},"excerpt":{"rendered":"<p>verantwortlich f\u00fcr diese Seiten : Sportverein Pellingen 1953 e.V. Dominik Annen (1. Vorsitzender) Br\u00fcckenstra\u00dfe 12 54331 Pellingen Haftungshinweis: Trotz sorgf\u00e4ltiger inhaltlicher Kontrolle \u00fcbernehmen wir keine Haftung f\u00fcr die Inhalte externer Links. F\u00fcr den Inhalt der verlinkten Seiten sind ausschlie\u00dflich deren Betreiber verantwortlich.<\/p>\n","protected":false},"author":1,"featured_media":0,"parent":48,"menu_order":4,"comment_status":"closed","ping_status":"closed","template":"","meta":{"footnotes":""},"class_list":["post-5","page","type-page","status-publish","hentry","entry"],"_links":{"self":[{"href":"https:\/\/www.sv-pellingen.de\/index.php?rest_route=\/wp\/v2\/pages\/5","targetHints":{"allow":["GET"]}}],"collection":[{"href":"https:\/\/www.sv-pellingen.de\/index.php?rest_route=\/wp\/v2\/pages"}],"about":[{"href":"https:\/\/www.sv-pellingen.de\/index.php?rest_route=\/wp\/v2\/types\/page"}],"author":[{"embeddable":true,"href":"https:\/\/www.sv-pellingen.de\/index.php?rest_route=\/wp\/v2\/users\/1"}],"replies":[{"embeddable":true,"href":"https:\/\/www.sv-pellingen.de\/index.php?rest_route=%2Fwp%2Fv2%2Fcomments&post=5"}],"version-history":[{"count":9,"href":"https:\/\/www.sv-pellingen.de\/index.php?rest_route=\/wp\/v2\/pages\/5\/revisions"}],"predecessor-version":[{"id":2108,"href":"https:\/\/www.sv-pellingen.de\/index.php?rest_route=\/wp\/v2\/pages\/5\/revisions\/2108"}],"up":[{"embeddable":true,"href":"https:\/\/www.sv-pellingen.de\/index.php?rest_route=\/wp\/v2\/pages\/48"}],"wp:attachment":[{"href":"https:\/\/www.sv-pellingen.de\/index.php?rest_route=%2Fwp%2Fv2%2Fmedia&parent=5"}],"curies":[{"name":"wp","href":"https:\/\/api.w.org\/{rel}","templated":true}]}}