{"id":48,"date":"2009-02-27T17:35:29","date_gmt":"2009-02-27T15:35:29","guid":{"rendered":"http:\/\/www.djk-pellingen.de\/?page_id=48"},"modified":"2024-03-21T18:05:42","modified_gmt":"2024-03-21T17:05:42","slug":"verein","status":"publish","type":"page","link":"https:\/\/www.sv-pellingen.de\/?page_id=48","title":{"rendered":"Verein"},"content":{"rendered":"<p style=\"text-align: left;\">\u00a0<\/p>\n<p>Der Sportverein Pellingen (Vorsitzender Dominik Annen) wurde im Jahre 1953 gegr\u00fcndet. Der SV Pellingen besteht derzeit aus 7 Abteilungen. Dies sind die Abteilungen Bodystyle (Abteilungsleiterin Karina Jakobs), Cornhole (Abteilungsleiter Reimund Lutz), Badminton (Abteilungsleiter Tim M\u00fcller), Fu\u00dfball (Abteilungsleiter Marco Ludwig), Volleyball (Abteilungsleiter Dietmar Hauser), Kinderturnen (Abteilungsleiter Marcel Becker) und 2. Weg Herren (Abteilungsleiter Stefan Premm).<\/p>\n<p>Die gr\u00f6\u00dfte Abteilung des Vereins ist die Fu\u00dfballabteilung. Hier betreibt man seit dem Jahre 1972 bzw. 1975 im Jugend- und Seniorenbereich eine Spielgemeinschaft mit dem benachbarten FSV Franzenheim. Seit dem Jahr 2022 wurde diese Spielgemeinschaft um den FC Sch\u00f6ndorf erweitert. Die erste Seniorenmannschaft spielt derzeit in der Kreisliga A, die zweite Mannschaft in der Kreisliga C. Eine Altherrenmannschaft tr\u00e4gt ebenfalls regelm\u00e4\u00dfig ihre Spiele aus. Die Jugendspielgemeinschaft mit Franzenheim wurde im Laufe der letzten Jahre ebenfalls erweitert. Seit der Saison 2013\/2014 befinden wir uns in einer JSG mit den Vereinen Pluwig\/Gusterath und Sch\u00f6ndorf.<\/p>\n<p>Die Volleyballabteilung des Vereins nimmt mit einer Mixedmannschaft am Spielbetrieb teil. Dazu kommen noch Trainingseinheiten f\u00fcr Kinder und Jugendliche. Die Cornhole-Abteilung wird in diesem Jahr wieder an den deutschen Meisterschaften sowie am Spielbetrieb der neu gegr\u00fcndeten Bundesliga teilnehmen. Die Abteilungen Badminton, Bodystyle und 2. Weg nehmen an keinerlei Wettbewerben teil. Sie bestehen ausschlie\u00dflich aus talentierten jungen Damen und Herren, die mit viel Freude und Begeisterung ihrem Sport nach-gehen.<\/p>\n<p>Weitere Informationen \u00fcber den Verein erteilt: <br \/>Dominik Annen <br \/>Schanzenweg 18 <br \/>54331 Pellingen <br \/>Tel. 06588\/3150 <br \/>www.sv-pellingen.de <br \/>E-Mail: sv-pellingen@mail.de <br \/><br \/>Der Sportverein Pellingen 1953 e.V. w\u00fcrde sich sehr \u00fcber neue Mitglieder freuen.<\/p>\n<p style=\"text-align: left;\">\u00a0<\/p>\n\n\n<p><\/p>\n","protected":false},"excerpt":{"rendered":"<p>\u00a0 Der Sportverein Pellingen (Vorsitzender Dominik Annen) wurde im Jahre 1953 gegr\u00fcndet. Der SV Pellingen besteht derzeit aus 7 Abteilungen. Dies sind die Abteilungen Bodystyle (Abteilungsleiterin Karina Jakobs), Cornhole (Abteilungsleiter Reimund Lutz), Badminton (Abteilungsleiter Tim M\u00fcller), Fu\u00dfball (Abteilungsleiter Marco Ludwig), Volleyball (Abteilungsleiter Dietmar Hauser), Kinderturnen (Abteilungsleiter Marcel Becker) und 2. Weg Herren (Abteilungsleiter Stefan Premm). &hellip; <\/p>\n<p class=\"link-more\"><a href=\"https:\/\/www.sv-pellingen.de\/?page_id=48\" class=\"more-link\"><span class=\"screen-reader-text\">\u201eVerein\u201c <\/span>weiterlesen<\/a><\/p>\n","protected":false},"author":1,"featured_media":0,"parent":0,"menu_order":4,"comment_status":"closed","ping_status":"open","template":"","meta":{"footnotes":""},"class_list":["post-48","page","type-page","status-publish","hentry","entry"],"_links":{"self":[{"href":"https:\/\/www.sv-pellingen.de\/index.php?rest_route=\/wp\/v2\/pages\/48","targetHints":{"allow":["GET"]}}],"collection":[{"href":"https:\/\/www.sv-pellingen.de\/index.php?rest_route=\/wp\/v2\/pages"}],"about":[{"href":"https:\/\/www.sv-pellingen.de\/index.php?rest_route=\/wp\/v2\/types\/page"}],"author":[{"embeddable":true,"href":"https:\/\/www.sv-pellingen.de\/index.php?rest_route=\/wp\/v2\/users\/1"}],"replies":[{"embeddable":true,"href":"https:\/\/www.sv-pellingen.de\/index.php?rest_route=%2Fwp%2Fv2%2Fcomments&post=48"}],"version-history":[{"count":15,"href":"https:\/\/www.sv-pellingen.de\/index.php?rest_route=\/wp\/v2\/pages\/48\/revisions"}],"predecessor-version":[{"id":2010,"href":"https:\/\/www.sv-pellingen.de\/index.php?rest_route=\/wp\/v2\/pages\/48\/revisions\/2010"}],"wp:attachment":[{"href":"https:\/\/www.sv-pellingen.de\/index.php?rest_route=%2Fwp%2Fv2%2Fmedia&parent=48"}],"curies":[{"name":"wp","href":"https:\/\/api.w.org\/{rel}","templated":true}]}}